{"id":106,"date":"2014-06-03T12:42:13","date_gmt":"2014-06-03T16:42:13","guid":{"rendered":"http:\/\/drcngo.com\/V1\/?page_id=106"},"modified":"2014-08-09T14:42:12","modified_gmt":"2014-08-09T18:42:12","slug":"articles","status":"publish","type":"page","link":"http:\/\/drcngo.com\/V1\/articles\/","title":{"rendered":"Articles"},"content":{"rendered":"<ul class=\"lcp_catlist\" id=\"lcp_instance_1\"><li><a href=\"http:\/\/drcngo.com\/V1\/2014\/10\/25\/505\/\">Nh\u1eefng \u0111i\u1ec1u b\u1ea1n c\u1ea7n bi\u1ebft \u0111\u1ec3 ch\u0103m s\u00f3c s\u1ee9c kh\u1ecfe \u0111\u00f4i m\u1eaft<\/a><\/li><li><a href=\"http:\/\/drcngo.com\/V1\/2014\/09\/07\/thi-giac-cho-nguoi-lam-nails\/\">Th\u1ecb Gi\u00e1c Cho Ng\u01b0\u1eddi L\u00e0m Nails<\/a><\/li><li><a href=\"http:\/\/drcngo.com\/V1\/2014\/07\/28\/thi-giac-va-cac-cach-phong-ngua-te-nga-o-nguoi-gia\/\">Th\u1ecb Gi\u00e1c V\u00e0 C\u00e1c C\u00e1ch Ph\u00f2ng Ng\u1eeba T\u00e9 Ng\u00e3 \u1edf Ng\u01b0\u1eddi Gi\u00e0<\/a><\/li><li><a href=\"http:\/\/drcngo.com\/V1\/2014\/07\/28\/du-lich-au-chau\/\">Du Lich \u00c2u Ch\u00e2u<\/a><\/li><li><a href=\"http:\/\/drcngo.com\/V1\/2014\/07\/28\/benh-tieu-duong-va-suc-khoe-doi-mat\/\">B\u1ec7nh Ti\u1ec3u \u0110\u01b0\u1eddng V\u00e0 S\u1ee9c Kh\u1ecfe \u0110\u00f4i M\u1eaft<\/a><\/li><li><a href=\"http:\/\/drcngo.com\/V1\/2014\/07\/28\/du-lich-thailand-march-2014\/\">Du L\u1ecbch ThaiLand March 2014<\/a><\/li><li><a href=\"http:\/\/drcngo.com\/V1\/2014\/07\/28\/loi-va-hai-cua-viec-deo-kinh-ap-trong\/\">L\u1ee3i V\u00e0 H\u1ea1i C\u1ee7a Vi\u1ec7c \u0110eo K\u00ednh \u00c1p Tr\u00f2ng<\/a><\/li><li><a href=\"http:\/\/drcngo.com\/V1\/2014\/07\/28\/can-thi-o-tuoi-hoc-tro\/\">C\u1eadn Th\u1ecb \u1edf Tu\u1ed5i H\u1ecdc Tr\u00f2<\/a><\/li><li><a href=\"http:\/\/drcngo.com\/V1\/2014\/06\/29\/cach-nhan-dang-tinh-yeu-va-cam-xuc-qua-doi-mat\/\">C\u00e1ch Nh\u1eadn D\u1ea1ng T\u00ecnh Y\u00eau V\u00e0 C\u1ea3m X\u00fac Qua \u0110\u00f4i M\u1eaft<\/a><\/li><li><a href=\"http:\/\/drcngo.com\/V1\/2014\/06\/27\/cac-loai-thuoc-nho-mat-ban-nen-rat-can-khi-su-dung\/\">C\u00e1c Lo\u1ea1i Thu\u1ed1c Nh\u1ecf M\u1eaft B\u1ea1n N\u00ean R\u1ea5t C\u1ea9n Th\u1eadn Khi S\u1eed D\u1ee5ng<\/a><\/li><li><a href=\"http:\/\/drcngo.com\/V1\/2014\/06\/27\/nhung-cau-hoi-lien-quang-den-mat\/\">Nh\u1eefng C\u00e2u H\u00f5i Li\u00ean Quang \u0110\u1ebfn M\u1eaft<\/a><\/li><li><a href=\"http:\/\/drcngo.com\/V1\/2014\/06\/27\/cach-duy-tri-va-bao-quan-doi-mat-kinh\/\">C\u00e1ch Duy Tr\u00ec V\u00e0 B\u1ea3o Qu\u1ea3n \u0110\u00f4i M\u1eaft K\u00ednh<\/a><\/li><li><a href=\"http:\/\/drcngo.com\/V1\/2014\/06\/27\/mo-cuom-kho-loi-va-hai\/\">M\u1ed5 C\u01b0\u1eddm Kh\u00f4: L\u1ee3i V\u00e0 H\u1ea1i<\/a><\/li><li><a href=\"http:\/\/drcngo.com\/V1\/2014\/06\/27\/benh-loan-sac-va-trieu-chung-mu-mau\/\">B\u1ec7nh Lo\u1ea1n S\u1eafc V\u00e0 Tri\u1ec7u Ch\u1ee9ng M\u00f9 M\u00e0u<\/a><\/li><li><a href=\"http:\/\/drcngo.com\/V1\/2014\/06\/27\/benh-lao-hoa-diem-vang-o-nguoi-cao-tuoi\/\">B\u1ec7nh L\u00e3o H\u00f3a \u0110i\u1ec3m V\u00e0ng \u1ede Ng\u01b0\u1eddi Cao Tu\u1ed5i<\/a><\/li><li><a href=\"http:\/\/drcngo.com\/V1\/2014\/06\/27\/benh-hep-goc-tien-phong-va-benh-cuom-nuoc-ac-tinh\/\">B\u1ec7nh H\u1eb9p G\u00f3c Ti\u1ec1n Ph\u00f2ng V\u00e0 B\u1ec7nh C\u01b0\u1eddm N\u01b0\u1edbc \u00c1c T\u00ednh<\/a><\/li><li><a href=\"http:\/\/drcngo.com\/V1\/2014\/06\/27\/benh-cuom-nuoc-la-nguoi-mu-loa-tham-lang\/\">B\u1ec7nh C\u01b0\u1eddm N\u01b0\u1edbc L\u00e0 Ng\u01b0\u1eddi M\u00f9 L\u00f2a Th\u1ea7m L\u1eb7ng<\/a><\/li><li><a href=\"http:\/\/drcngo.com\/V1\/2014\/06\/27\/benh-cuom-kho-o-nguoi-cao-tuoi\/\">B\u1ec7nh C\u01b0\u1eddm Kh\u00f4 \u1ede Ng\u01b0\u1eddi Cao Tu\u1ed5i<\/a><\/li><li><a href=\"http:\/\/drcngo.com\/V1\/2014\/06\/27\/thi-giac-va-cac-cach-phong-ngua-tai-nan-xe-co\/\">Th\u1ecb Gi\u00e1c V\u00e0 C\u00e1c C\u00e1ch Ph\u00f2ng Ng\u1eeba Tai N\u1ea1n Xe C\u1ed9<\/a><\/li><li><a href=\"http:\/\/drcngo.com\/V1\/2014\/06\/27\/noi-kho-cua-nguoi-benh-kho-mat\/\">N\u1ed5i Kh\u1ed5 C\u1ee7a Ng\u01b0\u1eddi B\u1ec7nh Kh\u00f4 M\u1eaft<\/a><\/li><\/ul><ul class='lcp_paginator'><li class='lcp_currentpage'>1<\/li><li><a href='http:\/\/drcngo.com\/V1\/wp-json\/wp\/v2\/pages\/106?lcp_page1=2#lcp_instance_1' title='2'>2<\/a><\/li><li><a href='http:\/\/drcngo.com\/V1\/wp-json\/wp\/v2\/pages\/106?lcp_page1=2#lcp_instance_1' title='2' class='lcp_nextlink'>&gt;&gt;<\/a><\/li><\/ul>\n","protected":false},"excerpt":{"rendered":"","protected":false},"author":1,"featured_media":0,"parent":0,"menu_order":0,"comment_status":"open","ping_status":"open","template":"","meta":{"footnotes":""},"class_list":["post-106","page","type-page","status-publish","hentry"],"yoast_head":"<!-- This site is optimized with the Yoast SEO plugin v26.9 - https:\/\/yoast.com\/product\/yoast-seo-wordpress\/ -->\n<title>Articles by Dr. Chanh Ngo<\/title>\n<meta name=\"description\" content=\"Articles written by Dr. Chanh Ngo\" \/>\n<meta name=\"robots\" content=\"index, follow, max-snippet:-1, max-image-preview:large, max-video-preview:-1\" \/>\n<link rel=\"canonical\" href=\"http:\/\/drcngo.com\/V1\/vi\/articles\/\" \/>\n<meta property=\"og:locale\" content=\"en_US\" \/>\n<meta property=\"og:type\" content=\"article\" \/>\n<meta property=\"og:title\" content=\"Articles by Dr. Chanh Ngo\" \/>\n<meta property=\"og:description\" content=\"Articles written by Dr. Chanh Ngo\" \/>\n<meta property=\"og:url\" content=\"http:\/\/drcngo.com\/V1\/vi\/articles\/\" \/>\n<meta property=\"og:site_name\" content=\"Dr. Chanh Ngo\" \/>\n<meta property=\"article:modified_time\" content=\"2014-08-09T18:42:12+00:00\" \/>\n<script type=\"application\/ld+json\" class=\"yoast-schema-graph\">{\"@context\":\"https:\/\/schema.org\",\"@graph\":[{\"@type\":\"WebPage\",\"@id\":\"http:\/\/drcngo.com\/V1\/vi\/articles\/\",\"url\":\"http:\/\/drcngo.com\/V1\/vi\/articles\/\",\"name\":\"Articles by Dr. Chanh Ngo\",\"isPartOf\":{\"@id\":\"https:\/\/drcngo.com\/V1\/#website\"},\"datePublished\":\"2014-06-03T16:42:13+00:00\",\"dateModified\":\"2014-08-09T18:42:12+00:00\",\"description\":\"Articles written by Dr. Chanh Ngo\",\"breadcrumb\":{\"@id\":\"http:\/\/drcngo.com\/V1\/vi\/articles\/#breadcrumb\"},\"inLanguage\":\"en-US\",\"potentialAction\":[{\"@type\":\"ReadAction\",\"target\":[\"http:\/\/drcngo.com\/V1\/vi\/articles\/\"]}]},{\"@type\":\"BreadcrumbList\",\"@id\":\"http:\/\/drcngo.com\/V1\/vi\/articles\/#breadcrumb\",\"itemListElement\":[{\"@type\":\"ListItem\",\"position\":1,\"name\":\"Home\",\"item\":\"https:\/\/drcngo.com\/V1\/\"},{\"@type\":\"ListItem\",\"position\":2,\"name\":\"B\u00e0i vi\u1ebft c\u1ee7a B\u00e1c S\u0129 Ng\u00f4 Ch\u00e1nh\"}]},{\"@type\":\"WebSite\",\"@id\":\"https:\/\/drcngo.com\/V1\/#website\",\"url\":\"https:\/\/drcngo.com\/V1\/\",\"name\":\"Dr. Chanh Ngo\",\"description\":\"\",\"potentialAction\":[{\"@type\":\"SearchAction\",\"target\":{\"@type\":\"EntryPoint\",\"urlTemplate\":\"https:\/\/drcngo.com\/V1\/?s={search_term_string}\"},\"query-input\":{\"@type\":\"PropertyValueSpecification\",\"valueRequired\":true,\"valueName\":\"search_term_string\"}}],\"inLanguage\":\"en-US\"}]}<\/script>\n<!-- \/ Yoast SEO plugin. -->","yoast_head_json":{"title":"Articles by Dr. Chanh Ngo","description":"Articles written by Dr. Chanh Ngo","robots":{"index":"index","follow":"follow","max-snippet":"max-snippet:-1","max-image-preview":"max-image-preview:large","max-video-preview":"max-video-preview:-1"},"canonical":"http:\/\/drcngo.com\/V1\/vi\/articles\/","og_locale":"en_US","og_type":"article","og_title":"Articles by Dr. Chanh Ngo","og_description":"Articles written by Dr. Chanh Ngo","og_url":"http:\/\/drcngo.com\/V1\/vi\/articles\/","og_site_name":"Dr. Chanh Ngo","article_modified_time":"2014-08-09T18:42:12+00:00","schema":{"@context":"https:\/\/schema.org","@graph":[{"@type":"WebPage","@id":"http:\/\/drcngo.com\/V1\/vi\/articles\/","url":"http:\/\/drcngo.com\/V1\/vi\/articles\/","name":"Articles by Dr. Chanh Ngo","isPartOf":{"@id":"https:\/\/drcngo.com\/V1\/#website"},"datePublished":"2014-06-03T16:42:13+00:00","dateModified":"2014-08-09T18:42:12+00:00","description":"Articles written by Dr. Chanh Ngo","breadcrumb":{"@id":"http:\/\/drcngo.com\/V1\/vi\/articles\/#breadcrumb"},"inLanguage":"en-US","potentialAction":[{"@type":"ReadAction","target":["http:\/\/drcngo.com\/V1\/vi\/articles\/"]}]},{"@type":"BreadcrumbList","@id":"http:\/\/drcngo.com\/V1\/vi\/articles\/#breadcrumb","itemListElement":[{"@type":"ListItem","position":1,"name":"Home","item":"https:\/\/drcngo.com\/V1\/"},{"@type":"ListItem","position":2,"name":"B\u00e0i vi\u1ebft c\u1ee7a B\u00e1c S\u0129 Ng\u00f4 Ch\u00e1nh"}]},{"@type":"WebSite","@id":"https:\/\/drcngo.com\/V1\/#website","url":"https:\/\/drcngo.com\/V1\/","name":"Dr. Chanh Ngo","description":"","potentialAction":[{"@type":"SearchAction","target":{"@type":"EntryPoint","urlTemplate":"https:\/\/drcngo.com\/V1\/?s={search_term_string}"},"query-input":{"@type":"PropertyValueSpecification","valueRequired":true,"valueName":"search_term_string"}}],"inLanguage":"en-US"}]}},"_links":{"self":[{"href":"http:\/\/drcngo.com\/V1\/wp-json\/wp\/v2\/pages\/106","targetHints":{"allow":["GET"]}}],"collection":[{"href":"http:\/\/drcngo.com\/V1\/wp-json\/wp\/v2\/pages"}],"about":[{"href":"http:\/\/drcngo.com\/V1\/wp-json\/wp\/v2\/types\/page"}],"author":[{"embeddable":true,"href":"http:\/\/drcngo.com\/V1\/wp-json\/wp\/v2\/users\/1"}],"replies":[{"embeddable":true,"href":"http:\/\/drcngo.com\/V1\/wp-json\/wp\/v2\/comments?post=106"}],"version-history":[{"count":15,"href":"http:\/\/drcngo.com\/V1\/wp-json\/wp\/v2\/pages\/106\/revisions"}],"predecessor-version":[{"id":466,"href":"http:\/\/drcngo.com\/V1\/wp-json\/wp\/v2\/pages\/106\/revisions\/466"}],"wp:attachment":[{"href":"http:\/\/drcngo.com\/V1\/wp-json\/wp\/v2\/media?parent=106"}],"curies":[{"name":"wp","href":"https:\/\/api.w.org\/{rel}","templated":true}]}}